{"id":127,"date":"2022-07-08T15:54:20","date_gmt":"2022-07-08T18:54:20","guid":{"rendered":"https:\/\/www.ccbnet.org.br\/?page_id=127"},"modified":"2022-07-10T15:19:30","modified_gmt":"2022-07-10T18:19:30","slug":"sjmr","status":"publish","type":"page","link":"https:\/\/www.ccbnet.org.br\/index.php\/sjmr\/","title":{"rendered":"SJMR"},"content":{"rendered":"\n<p>Os movimentos migrat\u00f3rios s\u00e3o inerentes \u00e0 condi\u00e7\u00e3o humana e migrar \u00e9 um direito humano universal. Algumas pessoas migram por escolha, outras s\u00e3o for\u00e7adas a esse deslocamento. Diante dessa realidade, diversas organiza\u00e7\u00f5es da sociedade civil, dentre elas, a Igreja, t\u00eam viabilizado iniciativas efetivas para o atendimento de migrantes no Brasil.<\/p>\n\n\n\n<figure class=\"wp-block-image size-full\"><img loading=\"lazy\" decoding=\"async\" width=\"629\" height=\"459\" src=\"http:\/\/www.ccbnet.org.br\/wp-content\/uploads\/2022\/07\/sjmr-bra.png\" alt=\"\" class=\"wp-image-132\" srcset=\"https:\/\/www.ccbnet.org.br\/wp-content\/uploads\/2022\/07\/sjmr-bra.png 629w, https:\/\/www.ccbnet.org.br\/wp-content\/uploads\/2022\/07\/sjmr-bra-300x219.png 300w\" sizes=\"auto, (max-width: 629px) 100vw, 629px\" \/><\/figure>\n\n\n\n<p>Organizado em 50 pa\u00edses e especializado em migra\u00e7\u00e3o, deslocamento for\u00e7ado e ref\u00fagio, o&nbsp;<strong>Servi\u00e7o Jesu\u00edta a Migrantes e Refugiados (SJMR)<\/strong>&nbsp;tem beneficiado milhares de pessoas com a presta\u00e7\u00e3o de servi\u00e7os gratuitos, interven\u00e7\u00f5es emergenciais, prote\u00e7\u00e3o, projetos de educa\u00e7\u00e3o, integra\u00e7\u00e3o, apoio psicossocial e pastoral. A institui\u00e7\u00e3o atua em favor de um maior acolhimento e hospitalidade da sociedade brasileira aos migrantes e refugia- dos, promovendo e protegendo sua dignidade e direitos e acompanhando seu processo de inclus\u00e3o e autonomia.<\/p>\n\n\n\n<p>(Fonte: https:\/\/sjmrbrasil.org\/quemsomos\/)<\/p>\n","protected":false},"excerpt":{"rendered":"<p>Os movimentos migrat\u00f3rios s\u00e3o inerentes \u00e0 condi\u00e7\u00e3o humana e migrar \u00e9 um direito humano universal. Algumas pessoas migram por escolha, outras s\u00e3o for\u00e7adas a esse deslocamento. Diante dessa realidade, diversas organiza\u00e7\u00f5es da sociedade civil, dentre elas, a Igreja, t\u00eam viabilizado iniciativas efetivas para o atendimento de migrantes no Brasil. Organizado em 50 pa\u00edses e especializado &#8230; <a title=\"SJMR\" class=\"read-more\" href=\"https:\/\/www.ccbnet.org.br\/index.php\/sjmr\/\" aria-label=\"More on SJMR\">Ler mais<\/a><\/p>\n","protected":false},"author":1,"featured_media":0,"parent":0,"menu_order":0,"comment_status":"closed","ping_status":"closed","template":"","meta":{"_coblocks_attr":"","_coblocks_dimensions":"","_coblocks_responsive_height":"","_coblocks_accordion_ie_support":"","footnotes":""},"class_list":["post-127","page","type-page","status-publish"],"yoast_head":"<!-- This site is optimized with the Yoast SEO plugin v24.9 - https:\/\/yoast.com\/wordpress\/plugins\/seo\/ -->\n<title>SJMR -<\/title>\n<meta name=\"robots\" content=\"index, follow, max-snippet:-1, max-image-preview:large, max-video-preview:-1\" \/>\n<link rel=\"canonical\" href=\"https:\/\/www.ccbnet.org.br\/index.php\/sjmr\/\" \/>\n<meta property=\"og:locale\" content=\"pt_BR\" \/>\n<meta property=\"og:type\" content=\"article\" \/>\n<meta property=\"og:title\" content=\"SJMR -\" \/>\n<meta property=\"og:description\" content=\"Os movimentos migrat\u00f3rios s\u00e3o inerentes \u00e0 condi\u00e7\u00e3o humana e migrar \u00e9 um direito humano universal. Algumas pessoas migram por escolha, outras s\u00e3o for\u00e7adas a esse deslocamento. Diante dessa realidade, diversas organiza\u00e7\u00f5es da sociedade civil, dentre elas, a Igreja, t\u00eam viabilizado iniciativas efetivas para o atendimento de migrantes no Brasil. Organizado em 50 pa\u00edses e especializado ... Ler mais\" \/>\n<meta property=\"og:url\" content=\"https:\/\/www.ccbnet.org.br\/index.php\/sjmr\/\" \/>\n<meta property=\"article:publisher\" content=\"https:\/\/pt-br.facebook.com\/ccbjesuitas\/\" \/>\n<meta property=\"article:modified_time\" content=\"2022-07-10T18:19:30+00:00\" \/>\n<meta property=\"og:image\" content=\"http:\/\/www.ccbnet.org.br\/wp-content\/uploads\/2022\/07\/sjmr-bra.png\" \/>\n<meta name=\"twitter:card\" content=\"summary_large_image\" \/>\n<meta name=\"twitter:label1\" content=\"Est. tempo de leitura\" \/>\n\t<meta name=\"twitter:data1\" content=\"1 minuto\" \/>\n<script type=\"application\/ld+json\" class=\"yoast-schema-graph\">{\"@context\":\"https:\/\/schema.org\",\"@graph\":[{\"@type\":\"WebPage\",\"@id\":\"https:\/\/www.ccbnet.org.br\/index.php\/sjmr\/\",\"url\":\"https:\/\/www.ccbnet.org.br\/index.php\/sjmr\/\",\"name\":\"SJMR -\",\"isPartOf\":{\"@id\":\"https:\/\/www.ccbnet.org.br\/#website\"},\"primaryImageOfPage\":{\"@id\":\"https:\/\/www.ccbnet.org.br\/index.php\/sjmr\/#primaryimage\"},\"image\":{\"@id\":\"https:\/\/www.ccbnet.org.br\/index.php\/sjmr\/#primaryimage\"},\"thumbnailUrl\":\"http:\/\/www.ccbnet.org.br\/wp-content\/uploads\/2022\/07\/sjmr-bra.png\",\"datePublished\":\"2022-07-08T18:54:20+00:00\",\"dateModified\":\"2022-07-10T18:19:30+00:00\",\"breadcrumb\":{\"@id\":\"https:\/\/www.ccbnet.org.br\/index.php\/sjmr\/#breadcrumb\"},\"inLanguage\":\"pt-BR\",\"potentialAction\":[{\"@type\":\"ReadAction\",\"target\":[\"https:\/\/www.ccbnet.org.br\/index.php\/sjmr\/\"]}]},{\"@type\":\"ImageObject\",\"inLanguage\":\"pt-BR\",\"@id\":\"https:\/\/www.ccbnet.org.br\/index.php\/sjmr\/#primaryimage\",\"url\":\"http:\/\/www.ccbnet.org.br\/wp-content\/uploads\/2022\/07\/sjmr-bra.png\",\"contentUrl\":\"http:\/\/www.ccbnet.org.br\/wp-content\/uploads\/2022\/07\/sjmr-bra.png\"},{\"@type\":\"BreadcrumbList\",\"@id\":\"https:\/\/www.ccbnet.org.br\/index.php\/sjmr\/#breadcrumb\",\"itemListElement\":[{\"@type\":\"ListItem\",\"position\":1,\"name\":\"In\u00edcio\",\"item\":\"https:\/\/www.ccbnet.org.br\/\"},{\"@type\":\"ListItem\",\"position\":2,\"name\":\"SJMR\"}]},{\"@type\":\"WebSite\",\"@id\":\"https:\/\/www.ccbnet.org.br\/#website\",\"url\":\"https:\/\/www.ccbnet.org.br\/\",\"name\":\"\",\"description\":\"\",\"publisher\":{\"@id\":\"https:\/\/www.ccbnet.org.br\/#organization\"},\"potentialAction\":[{\"@type\":\"SearchAction\",\"target\":{\"@type\":\"EntryPoint\",\"urlTemplate\":\"https:\/\/www.ccbnet.org.br\/?s={search_term_string}\"},\"query-input\":{\"@type\":\"PropertyValueSpecification\",\"valueRequired\":true,\"valueName\":\"search_term_string\"}}],\"inLanguage\":\"pt-BR\"},{\"@type\":\"Organization\",\"@id\":\"https:\/\/www.ccbnet.org.br\/#organization\",\"name\":\"Centro Cultural de Bras\u00edlia\",\"url\":\"https:\/\/www.ccbnet.org.br\/\",\"logo\":{\"@type\":\"ImageObject\",\"inLanguage\":\"pt-BR\",\"@id\":\"https:\/\/www.ccbnet.org.br\/#\/schema\/logo\/image\/\",\"url\":\"https:\/\/www.ccbnet.org.br\/wp-content\/uploads\/2022\/07\/cropped-logoCCB.png\",\"contentUrl\":\"https:\/\/www.ccbnet.org.br\/wp-content\/uploads\/2022\/07\/cropped-logoCCB.png\",\"width\":225,\"height\":225,\"caption\":\"Centro Cultural de Bras\u00edlia\"},\"image\":{\"@id\":\"https:\/\/www.ccbnet.org.br\/#\/schema\/logo\/image\/\"},\"sameAs\":[\"https:\/\/pt-br.facebook.com\/ccbjesuitas\/\",\"https:\/\/www.instagram.com\/centroculturaldebrasilia\/\"]}]}<\/script>\n<!-- \/ Yoast SEO plugin. -->","yoast_head_json":{"title":"SJMR -","robots":{"index":"index","follow":"follow","max-snippet":"max-snippet:-1","max-image-preview":"max-image-preview:large","max-video-preview":"max-video-preview:-1"},"canonical":"https:\/\/www.ccbnet.org.br\/index.php\/sjmr\/","og_locale":"pt_BR","og_type":"article","og_title":"SJMR -","og_description":"Os movimentos migrat\u00f3rios s\u00e3o inerentes \u00e0 condi\u00e7\u00e3o humana e migrar \u00e9 um direito humano universal. Algumas pessoas migram por escolha, outras s\u00e3o for\u00e7adas a esse deslocamento. Diante dessa realidade, diversas organiza\u00e7\u00f5es da sociedade civil, dentre elas, a Igreja, t\u00eam viabilizado iniciativas efetivas para o atendimento de migrantes no Brasil. Organizado em 50 pa\u00edses e especializado ... Ler mais","og_url":"https:\/\/www.ccbnet.org.br\/index.php\/sjmr\/","article_publisher":"https:\/\/pt-br.facebook.com\/ccbjesuitas\/","article_modified_time":"2022-07-10T18:19:30+00:00","og_image":[{"url":"http:\/\/www.ccbnet.org.br\/wp-content\/uploads\/2022\/07\/sjmr-bra.png","type":"","width":"","height":""}],"twitter_card":"summary_large_image","twitter_misc":{"Est. tempo de leitura":"1 minuto"},"schema":{"@context":"https:\/\/schema.org","@graph":[{"@type":"WebPage","@id":"https:\/\/www.ccbnet.org.br\/index.php\/sjmr\/","url":"https:\/\/www.ccbnet.org.br\/index.php\/sjmr\/","name":"SJMR -","isPartOf":{"@id":"https:\/\/www.ccbnet.org.br\/#website"},"primaryImageOfPage":{"@id":"https:\/\/www.ccbnet.org.br\/index.php\/sjmr\/#primaryimage"},"image":{"@id":"https:\/\/www.ccbnet.org.br\/index.php\/sjmr\/#primaryimage"},"thumbnailUrl":"http:\/\/www.ccbnet.org.br\/wp-content\/uploads\/2022\/07\/sjmr-bra.png","datePublished":"2022-07-08T18:54:20+00:00","dateModified":"2022-07-10T18:19:30+00:00","breadcrumb":{"@id":"https:\/\/www.ccbnet.org.br\/index.php\/sjmr\/#breadcrumb"},"inLanguage":"pt-BR","potentialAction":[{"@type":"ReadAction","target":["https:\/\/www.ccbnet.org.br\/index.php\/sjmr\/"]}]},{"@type":"ImageObject","inLanguage":"pt-BR","@id":"https:\/\/www.ccbnet.org.br\/index.php\/sjmr\/#primaryimage","url":"http:\/\/www.ccbnet.org.br\/wp-content\/uploads\/2022\/07\/sjmr-bra.png","contentUrl":"http:\/\/www.ccbnet.org.br\/wp-content\/uploads\/2022\/07\/sjmr-bra.png"},{"@type":"BreadcrumbList","@id":"https:\/\/www.ccbnet.org.br\/index.php\/sjmr\/#breadcrumb","itemListElement":[{"@type":"ListItem","position":1,"name":"In\u00edcio","item":"https:\/\/www.ccbnet.org.br\/"},{"@type":"ListItem","position":2,"name":"SJMR"}]},{"@type":"WebSite","@id":"https:\/\/www.ccbnet.org.br\/#website","url":"https:\/\/www.ccbnet.org.br\/","name":"","description":"","publisher":{"@id":"https:\/\/www.ccbnet.org.br\/#organization"},"potentialAction":[{"@type":"SearchAction","target":{"@type":"EntryPoint","urlTemplate":"https:\/\/www.ccbnet.org.br\/?s={search_term_string}"},"query-input":{"@type":"PropertyValueSpecification","valueRequired":true,"valueName":"search_term_string"}}],"inLanguage":"pt-BR"},{"@type":"Organization","@id":"https:\/\/www.ccbnet.org.br\/#organization","name":"Centro Cultural de Bras\u00edlia","url":"https:\/\/www.ccbnet.org.br\/","logo":{"@type":"ImageObject","inLanguage":"pt-BR","@id":"https:\/\/www.ccbnet.org.br\/#\/schema\/logo\/image\/","url":"https:\/\/www.ccbnet.org.br\/wp-content\/uploads\/2022\/07\/cropped-logoCCB.png","contentUrl":"https:\/\/www.ccbnet.org.br\/wp-content\/uploads\/2022\/07\/cropped-logoCCB.png","width":225,"height":225,"caption":"Centro Cultural de Bras\u00edlia"},"image":{"@id":"https:\/\/www.ccbnet.org.br\/#\/schema\/logo\/image\/"},"sameAs":["https:\/\/pt-br.facebook.com\/ccbjesuitas\/","https:\/\/www.instagram.com\/centroculturaldebrasilia\/"]}]}},"_links":{"self":[{"href":"https:\/\/www.ccbnet.org.br\/index.php\/wp-json\/wp\/v2\/pages\/127","targetHints":{"allow":["GET"]}}],"collection":[{"href":"https:\/\/www.ccbnet.org.br\/index.php\/wp-json\/wp\/v2\/pages"}],"about":[{"href":"https:\/\/www.ccbnet.org.br\/index.php\/wp-json\/wp\/v2\/types\/page"}],"author":[{"embeddable":true,"href":"https:\/\/www.ccbnet.org.br\/index.php\/wp-json\/wp\/v2\/users\/1"}],"replies":[{"embeddable":true,"href":"https:\/\/www.ccbnet.org.br\/index.php\/wp-json\/wp\/v2\/comments?post=127"}],"version-history":[{"count":4,"href":"https:\/\/www.ccbnet.org.br\/index.php\/wp-json\/wp\/v2\/pages\/127\/revisions"}],"predecessor-version":[{"id":144,"href":"https:\/\/www.ccbnet.org.br\/index.php\/wp-json\/wp\/v2\/pages\/127\/revisions\/144"}],"wp:attachment":[{"href":"https:\/\/www.ccbnet.org.br\/index.php\/wp-json\/wp\/v2\/media?parent=127"}],"curies":[{"name":"wp","href":"https:\/\/api.w.org\/{rel}","templated":true}]}}