{"id":78,"date":"2022-07-06T23:18:18","date_gmt":"2022-07-07T02:18:18","guid":{"rendered":"http:\/\/www.ccbnet.org.br\/?page_id=78"},"modified":"2022-07-12T10:10:52","modified_gmt":"2022-07-12T13:10:52","slug":"sobre","status":"publish","type":"page","link":"https:\/\/www.ccbnet.org.br\/index.php\/sobre\/","title":{"rendered":"SOBRE"},"content":{"rendered":"\n<p>O Centro Cultural de Bras\u00edlia (CCB), fundado em 1975, \u00e9 o meio concreto de atua\u00e7\u00e3o dos&nbsp;<a href=\"https:\/\/pt.wikipedia.org\/wiki\/Companhia_de_Jesus\">jesu\u00edtas<\/a>&nbsp;em Bras\u00edlia.<\/p>\n\n\n\n<p>Sua miss\u00e3o \u00e9 promover o di\u00e1logo crist\u00e3o e a partilha da experi\u00eancia do amor de Deus, por meio de atividades religiosas, culturais, de pesquisa e a\u00e7\u00e3o social, tendo em vista a solidariedade e a vida.<\/p>\n\n\n\n<p>Seu espa\u00e7o f\u00edsico j\u00e1 serviu tamb\u00e9m como sede para a&nbsp;<a href=\"https:\/\/pt.wikipedia.org\/wiki\/CNBB\">CNBB<\/a>,&nbsp;<a href=\"https:\/\/pt.wikipedia.org\/wiki\/C%C3%A1ritas\">C\u00e1ritas<\/a>,&nbsp;<a href=\"https:\/\/pt.wikipedia.org\/wiki\/Encontro_de_Casais_com_Cristo\">Encontro de Casais<\/a>,&nbsp;<a href=\"https:\/\/pt.wikipedia.org\/wiki\/Pastoral_da_Juventude\">Pastoral da Juventude<\/a>, etc.<\/p>\n\n\n\n<p><\/p>\n\n\n\n<p><\/p>\n\n\n\n<p><strong>Breve hist\u00f3rico do CCB<\/strong><\/p>\n\n\n\n<p><strong>1960<\/strong>:&nbsp;<strong>Pe.<\/strong>&nbsp;<strong>Marcello de C. Azevedo&nbsp;<\/strong>tem a&nbsp;ideia de fazer um Centro Cultural em Bras\u00edlia, como espa\u00e7o de reflex\u00e3o e di\u00e1logo (desafios culturais, pol\u00edticos e sociais), quando estava no Col\u00e9gio Pio Brasileiro, em Roma. O&nbsp;<strong>Pe. Paulo Nacca<\/strong>, ent\u00e3o Reitor da Universidade Cat\u00f3lica de Goi\u00e2nia, providenciou o terreno na L2 Norte, na quadra 601.<\/p>\n\n\n\n<p><strong>1961<\/strong>:&nbsp;<strong>Pe. J. Bertollo<\/strong>, primeiro Jesu\u00edta a iniciar os trabalhos em Bras\u00edlia, iniciou a Par\u00f3quia S. Jos\u00e9 Oper\u00e1rio, na L2 Norte.<\/p>\n\n\n\n<p><strong>1963<\/strong>&#8211;<strong>1969:&nbsp;<\/strong>Diversos Padres Jesu\u00edtas passam a morar no pr\u00e9dio provis\u00f3rio da sede atual da CNBB, como o&nbsp;<strong>Pe. J. C. Aleixo<\/strong>.<\/p>\n\n\n\n<p><strong>1967:&nbsp;<\/strong>Inicia-se a constru\u00e7\u00e3o do pr\u00e9dio atual do CCB. O Arcebispo havia destinado um m\u00f3dulo cont\u00edguo (Casa do Clero e Instituto B\u00edblico), para uma futura Par\u00f3quia Universit\u00e1ria, que n\u00e3o chegou a ser concretizada.<\/p>\n\n\n\n<p><strong>1969:<\/strong>&nbsp;Fica pronta a resid\u00eancia dos jesu\u00edtas, onde passam a morar.<\/p>\n\n\n\n<p><strong>1974: Inaugura\u00e7\u00e3o oficial do CCB por<\/strong>&nbsp;<strong>Dom Jos\u00e9 Newton de A. Batista<\/strong>.<\/p>\n\n\n\n<p><strong>1980:<\/strong>&nbsp;Tentativa frustrada da vinda das Faculdades de Filosofia e Teologia dos jesu\u00edtas, para ocupar este espa\u00e7o.<\/p>\n\n\n\n<p><strong>1981-1995<\/strong>: O CCB \u00e9 cedido \u00e0 Confer\u00eancia Nacional dos Bispos do Brasil (CNBB) para o funcionamento do Conselho Indigenista Mission\u00e1rio (CIMI), &nbsp;C\u00e1ritas Brasileira e Pastoral da Crian\u00e7a.<\/p>\n\n\n\n<p><strong>1995: Pe.&nbsp;Spencer Cust\u00f3dio&nbsp;<\/strong>e<strong>&nbsp;Pe. Baquero<\/strong>&nbsp;iniciam o&nbsp;<strong>Centro Inaciano de Espiritualidade (CIES)<\/strong>, para difundir a espiritualidade inaciana.<\/p>\n\n\n\n<p><strong>1998:&nbsp;<\/strong>Chegam, transferidos do Rio de Janeiro, O&nbsp;Centro de Investiga\u00e7\u00e3o e A\u00e7\u00e3o Social e o&nbsp;Instituto Brasileiro de Desenvolvimento (<strong>CIAS-IBRADES<\/strong>).&nbsp;O&nbsp;<strong>Pe. Provincial F. Ivern<\/strong>&nbsp;re\u00fane as duas dimens\u00f5es que resumem a miss\u00e3o da Companhia de Jesus:&nbsp;<strong><em>o servi\u00e7o da f\u00e9 e a promo\u00e7\u00e3o da justi\u00e7a<\/em><\/strong>.<\/p>\n\n\n\n<p><strong>2000:<\/strong>&nbsp;Inaugura\u00e7\u00e3o do audit\u00f3rio &#8211;&nbsp;<strong>Sala Loyola<\/strong>, como novo equipamento cultural de Bras\u00edlia.<\/p>\n\n\n\n<p><strong>2003-2011:<\/strong>&nbsp;Periodo em que acontece o&nbsp;<strong>Curso Pr\u00e9-Vestibular Loyola<\/strong>.&nbsp;<\/p>\n\n\n\n<p><strong>2013:&nbsp;<\/strong>Acompanhando&nbsp;o projeto de unifica\u00e7\u00e3o das Prov\u00edncias do Brasil da Companhia de Jesus. O CCB, sob dire\u00e7\u00e3o do&nbsp;<strong>Pe. Chang Son Yu, SJ<\/strong>, &nbsp;segue com a proposta de maior comunh\u00e3o entre jesu\u00edtas e leigos e uma maior colabora\u00e7\u00e3o com a Arquidiocese de Bras\u00edlia e o seu novo Arcebispo&nbsp;<strong>Dom Sergio da Rocha.<\/strong><\/p>\n\n\n\n<p><\/p>\n\n\n\n<p><strong>Fotos do novo Centro Cultural de Bras\u00edlia.<\/strong><\/p>\n\n\n\n\t<div class=\"mpp-container mpp-shortcode-wrapper mpp-shortcode-media-list-wrapper\">\n\t\t<div class=\"mpp-g mpp-item-list mpp-media-list mpp-shortcode-item-list mpp-shortcode-list-media mpp-shortcode-list-media-photo  \" data-media-ids=\"87,86,85,84,83,82\">\n\n\t\t\t\t\t\t\t\t\t\t\t<div class=\"mpp-u mpp-item mpp-media mpp-media-photo mpp-u-6-24\" data-mpp-type=\"photo\">\n\n\t\t\t\t\t\n\t\t\t\t\t<div class=\"mpp-item-meta mpp-media-meta mpp-media-shortcode-item-meta mpp-media-meta-top mpp-media-shortcode-item-meta-top\">\n\t\t\t\t\t\t\t\t\t\t\t<\/div>\n\n\t\t\t\t\t<div class='mpp-item-entry mpp-media-entry mpp-photo-entry'>\n\n\t\t\t\t\t\t<a href=\"https:\/\/www.ccbnet.org.br\/index.php\/site-gallery\/81\/media\/thumbnail_img_9600\/\" class = 'mpp-item-thumbnail mpp-media-thumbnail mpp-photo-thumbnail' title = 'Sala' data-mpp-context = 'shortcode' data-mpp-media-id = '87'  data-mpp-type=\"photo\">\n\n\t\t\t\t\t\t\t<img decoding=\"async\" src=\"https:\/\/www.ccbnet.org.br\/wp-content\/uploads\/mediapress\/sitewide\/1\/81\/thumbnail_IMG_9600-200x200.jpg\" alt=\"Sala \"\/>\n\t\t\t\t\t\t<\/a>\n\n\t\t\t\t\t<\/div>\n\n\t\t\t\t\t<a href=\"https:\/\/www.ccbnet.org.br\/index.php\/site-gallery\/81\/media\/thumbnail_img_9600\/\" class = 'mpp-item-title mpp-media-title mpp-photo-title' title = 'Sala' data-mpp-context = 'shortcode' data-mpp-media-id = '87'  data-mpp-type=\"photo\">\n\t\t\t\t\t\tSala\t\t\t\t\t<\/a>\n\t\t\t\t\t\n                    <div class=\"mpp-item-actions mpp-media-actions mpp-photo-actions\">\n\t\t\t\t\t\t\t\t\t\t\t<\/div>\n\n\t\t\t\t\t<div class=\"mpp-item-meta mpp-media-meta mpp-media-shortcode-item-meta mpp-media-meta-bottom mpp-media-shortcode-item-meta-bottom\">\n\t\t\t\t\t\t\t\t\t\t\t<\/div>\n\n\t\t\t\t\t\n\t\t\t\t<\/div>\n\n\t\t\t\t\t\t\t\t\t\t\t<div class=\"mpp-u mpp-item mpp-media mpp-media-photo mpp-u-6-24\" data-mpp-type=\"photo\">\n\n\t\t\t\t\t\n\t\t\t\t\t<div class=\"mpp-item-meta mpp-media-meta mpp-media-shortcode-item-meta mpp-media-meta-top mpp-media-shortcode-item-meta-top\">\n\t\t\t\t\t\t\t\t\t\t\t<\/div>\n\n\t\t\t\t\t<div class='mpp-item-entry mpp-media-entry mpp-photo-entry'>\n\n\t\t\t\t\t\t<a href=\"https:\/\/www.ccbnet.org.br\/index.php\/site-gallery\/81\/media\/img-20220401-wa0023\/\" class = 'mpp-item-thumbnail mpp-media-thumbnail mpp-photo-thumbnail' title = 'Capela' data-mpp-context = 'shortcode' data-mpp-media-id = '86'  data-mpp-type=\"photo\">\n\n\t\t\t\t\t\t\t<img decoding=\"async\" src=\"https:\/\/www.ccbnet.org.br\/wp-content\/uploads\/mediapress\/sitewide\/1\/81\/IMG-20220401-WA0023-200x200.jpg\" alt=\"Capela \"\/>\n\t\t\t\t\t\t<\/a>\n\n\t\t\t\t\t<\/div>\n\n\t\t\t\t\t<a href=\"https:\/\/www.ccbnet.org.br\/index.php\/site-gallery\/81\/media\/img-20220401-wa0023\/\" class = 'mpp-item-title mpp-media-title mpp-photo-title' title = 'Capela' data-mpp-context = 'shortcode' data-mpp-media-id = '86'  data-mpp-type=\"photo\">\n\t\t\t\t\t\tCapela\t\t\t\t\t<\/a>\n\t\t\t\t\t\n                    <div class=\"mpp-item-actions mpp-media-actions mpp-photo-actions\">\n\t\t\t\t\t\t\t\t\t\t\t<\/div>\n\n\t\t\t\t\t<div class=\"mpp-item-meta mpp-media-meta mpp-media-shortcode-item-meta mpp-media-meta-bottom mpp-media-shortcode-item-meta-bottom\">\n\t\t\t\t\t\t\t\t\t\t\t<\/div>\n\n\t\t\t\t\t\n\t\t\t\t<\/div>\n\n\t\t\t\t\t\t\t\t\t\t\t<div class=\"mpp-u mpp-item mpp-media mpp-media-photo mpp-u-6-24\" data-mpp-type=\"photo\">\n\n\t\t\t\t\t\n\t\t\t\t\t<div class=\"mpp-item-meta mpp-media-meta mpp-media-shortcode-item-meta mpp-media-meta-top mpp-media-shortcode-item-meta-top\">\n\t\t\t\t\t\t\t\t\t\t\t<\/div>\n\n\t\t\t\t\t<div class='mpp-item-entry mpp-media-entry mpp-photo-entry'>\n\n\t\t\t\t\t\t<a href=\"https:\/\/www.ccbnet.org.br\/index.php\/site-gallery\/81\/media\/img-20220401-wa0017\/\" class = 'mpp-item-thumbnail mpp-media-thumbnail mpp-photo-thumbnail' title = 'CCB Audit\u00f3rio II' data-mpp-context = 'shortcode' data-mpp-media-id = '85'  data-mpp-type=\"photo\">\n\n\t\t\t\t\t\t\t<img decoding=\"async\" src=\"https:\/\/www.ccbnet.org.br\/wp-content\/uploads\/mediapress\/sitewide\/1\/81\/IMG-20220401-WA0017-200x200.jpg\" alt=\"CCB Audit\u00f3rio II \"\/>\n\t\t\t\t\t\t<\/a>\n\n\t\t\t\t\t<\/div>\n\n\t\t\t\t\t<a href=\"https:\/\/www.ccbnet.org.br\/index.php\/site-gallery\/81\/media\/img-20220401-wa0017\/\" class = 'mpp-item-title mpp-media-title mpp-photo-title' title = 'CCB Audit\u00f3rio II' data-mpp-context = 'shortcode' data-mpp-media-id = '85'  data-mpp-type=\"photo\">\n\t\t\t\t\t\tCCB Audit\u00f3rio II\t\t\t\t\t<\/a>\n\t\t\t\t\t\n                    <div class=\"mpp-item-actions mpp-media-actions mpp-photo-actions\">\n\t\t\t\t\t\t\t\t\t\t\t<\/div>\n\n\t\t\t\t\t<div class=\"mpp-item-meta mpp-media-meta mpp-media-shortcode-item-meta mpp-media-meta-bottom mpp-media-shortcode-item-meta-bottom\">\n\t\t\t\t\t\t\t\t\t\t\t<\/div>\n\n\t\t\t\t\t\n\t\t\t\t<\/div>\n\n\t\t\t\t\t\t\t\t\t\t\t<div class=\"mpp-u mpp-item mpp-media mpp-media-photo mpp-u-6-24\" data-mpp-type=\"photo\">\n\n\t\t\t\t\t\n\t\t\t\t\t<div class=\"mpp-item-meta mpp-media-meta mpp-media-shortcode-item-meta mpp-media-meta-top mpp-media-shortcode-item-meta-top\">\n\t\t\t\t\t\t\t\t\t\t\t<\/div>\n\n\t\t\t\t\t<div class='mpp-item-entry mpp-media-entry mpp-photo-entry'>\n\n\t\t\t\t\t\t<a href=\"https:\/\/www.ccbnet.org.br\/index.php\/site-gallery\/81\/media\/img-20220401-wa0016\/\" class = 'mpp-item-thumbnail mpp-media-thumbnail mpp-photo-thumbnail' title = 'CCB Audit\u00f3rio I' data-mpp-context = 'shortcode' data-mpp-media-id = '84'  data-mpp-type=\"photo\">\n\n\t\t\t\t\t\t\t<img decoding=\"async\" src=\"https:\/\/www.ccbnet.org.br\/wp-content\/uploads\/mediapress\/sitewide\/1\/81\/IMG-20220401-WA0016-200x200.jpg\" alt=\"CCB Audit\u00f3rio I \"\/>\n\t\t\t\t\t\t<\/a>\n\n\t\t\t\t\t<\/div>\n\n\t\t\t\t\t<a href=\"https:\/\/www.ccbnet.org.br\/index.php\/site-gallery\/81\/media\/img-20220401-wa0016\/\" class = 'mpp-item-title mpp-media-title mpp-photo-title' title = 'CCB Audit\u00f3rio I' data-mpp-context = 'shortcode' data-mpp-media-id = '84'  data-mpp-type=\"photo\">\n\t\t\t\t\t\tCCB Audit\u00f3rio I\t\t\t\t\t<\/a>\n\t\t\t\t\t\n                    <div class=\"mpp-item-actions mpp-media-actions mpp-photo-actions\">\n\t\t\t\t\t\t\t\t\t\t\t<\/div>\n\n\t\t\t\t\t<div class=\"mpp-item-meta mpp-media-meta mpp-media-shortcode-item-meta mpp-media-meta-bottom mpp-media-shortcode-item-meta-bottom\">\n\t\t\t\t\t\t\t\t\t\t\t<\/div>\n\n\t\t\t\t\t\n\t\t\t\t<\/div>\n\n\t\t\t\t\t\t\t\t\t\t\t<div class=\"mpp-u mpp-item mpp-media mpp-media-photo mpp-u-6-24\" data-mpp-type=\"photo\">\n\n\t\t\t\t\t\n\t\t\t\t\t<div class=\"mpp-item-meta mpp-media-meta mpp-media-shortcode-item-meta mpp-media-meta-top mpp-media-shortcode-item-meta-top\">\n\t\t\t\t\t\t\t\t\t\t\t<\/div>\n\n\t\t\t\t\t<div class='mpp-item-entry mpp-media-entry mpp-photo-entry'>\n\n\t\t\t\t\t\t<a href=\"https:\/\/www.ccbnet.org.br\/index.php\/site-gallery\/81\/media\/280135180_2628542610611240_304358521559613084_n-copia\/\" class = 'mpp-item-thumbnail mpp-media-thumbnail mpp-photo-thumbnail' title = 'CCB Fachada' data-mpp-context = 'shortcode' data-mpp-media-id = '83'  data-mpp-type=\"photo\">\n\n\t\t\t\t\t\t\t<img decoding=\"async\" src=\"https:\/\/www.ccbnet.org.br\/wp-content\/uploads\/mediapress\/sitewide\/1\/81\/280135180_2628542610611240_304358521559613084_n-Copia-200x200.jpg\" alt=\"CCB Fachada \"\/>\n\t\t\t\t\t\t<\/a>\n\n\t\t\t\t\t<\/div>\n\n\t\t\t\t\t<a href=\"https:\/\/www.ccbnet.org.br\/index.php\/site-gallery\/81\/media\/280135180_2628542610611240_304358521559613084_n-copia\/\" class = 'mpp-item-title mpp-media-title mpp-photo-title' title = 'CCB Fachada' data-mpp-context = 'shortcode' data-mpp-media-id = '83'  data-mpp-type=\"photo\">\n\t\t\t\t\t\tCCB Fachada\t\t\t\t\t<\/a>\n\t\t\t\t\t\n                    <div class=\"mpp-item-actions mpp-media-actions mpp-photo-actions\">\n\t\t\t\t\t\t\t\t\t\t\t<\/div>\n\n\t\t\t\t\t<div class=\"mpp-item-meta mpp-media-meta mpp-media-shortcode-item-meta mpp-media-meta-bottom mpp-media-shortcode-item-meta-bottom\">\n\t\t\t\t\t\t\t\t\t\t\t<\/div>\n\n\t\t\t\t\t\n\t\t\t\t<\/div>\n\n\t\t\t\t\t\t\t\t\t\t\t<div class=\"mpp-u mpp-item mpp-media mpp-media-photo mpp-u-6-24\" data-mpp-type=\"photo\">\n\n\t\t\t\t\t\n\t\t\t\t\t<div class=\"mpp-item-meta mpp-media-meta mpp-media-shortcode-item-meta mpp-media-meta-top mpp-media-shortcode-item-meta-top\">\n\t\t\t\t\t\t\t\t\t\t\t<\/div>\n\n\t\t\t\t\t<div class='mpp-item-entry mpp-media-entry mpp-photo-entry'>\n\n\t\t\t\t\t\t<a href=\"https:\/\/www.ccbnet.org.br\/index.php\/site-gallery\/81\/media\/280131779_2628542317277936_7049997178069752794_n-2\/\" class = 'mpp-item-thumbnail mpp-media-thumbnail mpp-photo-thumbnail' title = 'CCB Jardim' data-mpp-context = 'shortcode' data-mpp-media-id = '82'  data-mpp-type=\"photo\">\n\n\t\t\t\t\t\t\t<img decoding=\"async\" src=\"https:\/\/www.ccbnet.org.br\/wp-content\/uploads\/mediapress\/sitewide\/1\/81\/280131779_2628542317277936_7049997178069752794_n-200x200.jpg\" alt=\"CCB Jardim \"\/>\n\t\t\t\t\t\t<\/a>\n\n\t\t\t\t\t<\/div>\n\n\t\t\t\t\t<a href=\"https:\/\/www.ccbnet.org.br\/index.php\/site-gallery\/81\/media\/280131779_2628542317277936_7049997178069752794_n-2\/\" class = 'mpp-item-title mpp-media-title mpp-photo-title' title = 'CCB Jardim' data-mpp-context = 'shortcode' data-mpp-media-id = '82'  data-mpp-type=\"photo\">\n\t\t\t\t\t\tCCB Jardim\t\t\t\t\t<\/a>\n\t\t\t\t\t\n                    <div class=\"mpp-item-actions mpp-media-actions mpp-photo-actions\">\n\t\t\t\t\t\t\t\t\t\t\t<\/div>\n\n\t\t\t\t\t<div class=\"mpp-item-meta mpp-media-meta mpp-media-shortcode-item-meta mpp-media-meta-bottom mpp-media-shortcode-item-meta-bottom\">\n\t\t\t\t\t\t\t\t\t\t\t<\/div>\n\n\t\t\t\t\t\n\t\t\t\t<\/div>\n\n\t\t\t\t\t\t\t\t<\/div>\n\n\t\t\t\t\t<div class=\"mpp-paginator\">\n\t\t\t\t\t\t\t<\/div>\n\t\t\n\t<\/div>\n\n\n\n\n\n<figure class=\"wp-block-gallery has-nested-images columns-default is-cropped wp-block-gallery-1 is-layout-flex wp-block-gallery-is-layout-flex\">\n<figure class=\"wp-block-image size-large\"><img loading=\"lazy\" decoding=\"async\" width=\"1024\" height=\"765\" data-id=\"147\" src=\"https:\/\/www.ccbnet.org.br\/wp-content\/uploads\/2022\/07\/IMG-20220401-WA0003-1024x765.jpg\" alt=\"\" class=\"wp-image-147\" srcset=\"https:\/\/www.ccbnet.org.br\/wp-content\/uploads\/2022\/07\/IMG-20220401-WA0003-1024x765.jpg 1024w, https:\/\/www.ccbnet.org.br\/wp-content\/uploads\/2022\/07\/IMG-20220401-WA0003-300x224.jpg 300w, https:\/\/www.ccbnet.org.br\/wp-content\/uploads\/2022\/07\/IMG-20220401-WA0003-768x574.jpg 768w, https:\/\/www.ccbnet.org.br\/wp-content\/uploads\/2022\/07\/IMG-20220401-WA0003-1536x1148.jpg 1536w, https:\/\/www.ccbnet.org.br\/wp-content\/uploads\/2022\/07\/IMG-20220401-WA0003.jpg 1600w\" sizes=\"auto, (max-width: 1024px) 100vw, 1024px\" \/><\/figure>\n\n\n\n<figure class=\"wp-block-image size-large\"><img loading=\"lazy\" decoding=\"async\" width=\"1024\" height=\"765\" data-id=\"148\" src=\"https:\/\/www.ccbnet.org.br\/wp-content\/uploads\/2022\/07\/IMG-20220401-WA0006-1024x765.jpg\" alt=\"\" class=\"wp-image-148\" srcset=\"https:\/\/www.ccbnet.org.br\/wp-content\/uploads\/2022\/07\/IMG-20220401-WA0006-1024x765.jpg 1024w, https:\/\/www.ccbnet.org.br\/wp-content\/uploads\/2022\/07\/IMG-20220401-WA0006-300x224.jpg 300w, https:\/\/www.ccbnet.org.br\/wp-content\/uploads\/2022\/07\/IMG-20220401-WA0006-768x574.jpg 768w, https:\/\/www.ccbnet.org.br\/wp-content\/uploads\/2022\/07\/IMG-20220401-WA0006-1536x1148.jpg 1536w, https:\/\/www.ccbnet.org.br\/wp-content\/uploads\/2022\/07\/IMG-20220401-WA0006.jpg 1600w\" sizes=\"auto, (max-width: 1024px) 100vw, 1024px\" \/><\/figure>\n\n\n\n<figure class=\"wp-block-image size-large\"><img loading=\"lazy\" decoding=\"async\" width=\"1024\" height=\"765\" data-id=\"149\" src=\"https:\/\/www.ccbnet.org.br\/wp-content\/uploads\/2022\/07\/IMG-20220401-WA0008-1024x765.jpg\" alt=\"\" class=\"wp-image-149\" srcset=\"https:\/\/www.ccbnet.org.br\/wp-content\/uploads\/2022\/07\/IMG-20220401-WA0008-1024x765.jpg 1024w, https:\/\/www.ccbnet.org.br\/wp-content\/uploads\/2022\/07\/IMG-20220401-WA0008-300x224.jpg 300w, https:\/\/www.ccbnet.org.br\/wp-content\/uploads\/2022\/07\/IMG-20220401-WA0008-768x574.jpg 768w, https:\/\/www.ccbnet.org.br\/wp-content\/uploads\/2022\/07\/IMG-20220401-WA0008-1536x1148.jpg 1536w, https:\/\/www.ccbnet.org.br\/wp-content\/uploads\/2022\/07\/IMG-20220401-WA0008.jpg 1600w\" sizes=\"auto, (max-width: 1024px) 100vw, 1024px\" \/><\/figure>\n<\/figure>\n","protected":false},"excerpt":{"rendered":"<p>O Centro Cultural de Bras\u00edlia (CCB), fundado em 1975, \u00e9 o meio concreto de atua\u00e7\u00e3o dos&nbsp;jesu\u00edtas&nbsp;em Bras\u00edlia. Sua miss\u00e3o \u00e9 promover o di\u00e1logo crist\u00e3o e a partilha da experi\u00eancia do amor de Deus, por meio de atividades religiosas, culturais, de pesquisa e a\u00e7\u00e3o social, tendo em vista a solidariedade e a vida. Seu espa\u00e7o f\u00edsico &#8230; <a title=\"CCB Jardim\" class=\"read-more\" href=\"https:\/\/www.ccbnet.org.br\/index.php\/site-gallery\/81\/media\/280131779_2628542317277936_7049997178069752794_n-2\/#main\" aria-label=\"More on CCB Jardim\">Ler mais<\/a><\/p>\n","protected":false},"author":1,"featured_media":0,"parent":0,"menu_order":0,"comment_status":"closed","ping_status":"closed","template":"","meta":{"_coblocks_attr":"","_coblocks_dimensions":"","_coblocks_responsive_height":"","_coblocks_accordion_ie_support":"","footnotes":""},"class_list":["post-78","page","type-page","status-publish","hentry"],"yoast_head":"<!-- This site is optimized with the Yoast SEO plugin v24.9 - https:\/\/yoast.com\/wordpress\/plugins\/seo\/ -->\n<title>SOBRE -<\/title>\n<meta name=\"robots\" content=\"index, follow, max-snippet:-1, max-image-preview:large, max-video-preview:-1\" \/>\n<link rel=\"canonical\" href=\"https:\/\/www.ccbnet.org.br\/index.php\/sobre\/\" \/>\n<meta property=\"og:locale\" content=\"pt_BR\" \/>\n<meta property=\"og:type\" content=\"article\" \/>\n<meta property=\"og:title\" content=\"SOBRE -\" \/>\n<meta property=\"og:description\" content=\"O Centro Cultural de Bras\u00edlia (CCB), fundado em 1975, \u00e9 o meio concreto de atua\u00e7\u00e3o dos&nbsp;jesu\u00edtas&nbsp;em Bras\u00edlia. Sua miss\u00e3o \u00e9 promover o di\u00e1logo crist\u00e3o e a partilha da experi\u00eancia do amor de Deus, por meio de atividades religiosas, culturais, de pesquisa e a\u00e7\u00e3o social, tendo em vista a solidariedade e a vida. Seu espa\u00e7o f\u00edsico ... Ler mais\" \/>\n<meta property=\"og:url\" content=\"https:\/\/www.ccbnet.org.br\/index.php\/sobre\/\" \/>\n<meta property=\"article:publisher\" content=\"https:\/\/pt-br.facebook.com\/ccbjesuitas\/\" \/>\n<meta property=\"article:modified_time\" content=\"2022-07-12T13:10:52+00:00\" \/>\n<meta property=\"og:image\" content=\"https:\/\/www.ccbnet.org.br\/wp-content\/uploads\/2022\/07\/IMG-20220401-WA0003-1024x765.jpg\" \/>\n<meta name=\"twitter:card\" content=\"summary_large_image\" \/>\n<meta name=\"twitter:label1\" content=\"Est. tempo de leitura\" \/>\n\t<meta name=\"twitter:data1\" content=\"3 minutos\" \/>\n<script type=\"application\/ld+json\" class=\"yoast-schema-graph\">{\"@context\":\"https:\/\/schema.org\",\"@graph\":[{\"@type\":\"WebPage\",\"@id\":\"https:\/\/www.ccbnet.org.br\/index.php\/sobre\/\",\"url\":\"https:\/\/www.ccbnet.org.br\/index.php\/sobre\/\",\"name\":\"SOBRE -\",\"isPartOf\":{\"@id\":\"https:\/\/www.ccbnet.org.br\/#website\"},\"primaryImageOfPage\":{\"@id\":\"https:\/\/www.ccbnet.org.br\/index.php\/sobre\/#primaryimage\"},\"image\":{\"@id\":\"https:\/\/www.ccbnet.org.br\/index.php\/sobre\/#primaryimage\"},\"thumbnailUrl\":\"https:\/\/www.ccbnet.org.br\/wp-content\/uploads\/2022\/07\/IMG-20220401-WA0003-1024x765.jpg\",\"datePublished\":\"2022-07-07T02:18:18+00:00\",\"dateModified\":\"2022-07-12T13:10:52+00:00\",\"breadcrumb\":{\"@id\":\"https:\/\/www.ccbnet.org.br\/index.php\/sobre\/#breadcrumb\"},\"inLanguage\":\"pt-BR\",\"potentialAction\":[{\"@type\":\"ReadAction\",\"target\":[\"https:\/\/www.ccbnet.org.br\/index.php\/sobre\/\"]}]},{\"@type\":\"ImageObject\",\"inLanguage\":\"pt-BR\",\"@id\":\"https:\/\/www.ccbnet.org.br\/index.php\/sobre\/#primaryimage\",\"url\":\"https:\/\/www.ccbnet.org.br\/wp-content\/uploads\/2022\/07\/IMG-20220401-WA0003.jpg\",\"contentUrl\":\"https:\/\/www.ccbnet.org.br\/wp-content\/uploads\/2022\/07\/IMG-20220401-WA0003.jpg\",\"width\":1600,\"height\":1196},{\"@type\":\"BreadcrumbList\",\"@id\":\"https:\/\/www.ccbnet.org.br\/index.php\/sobre\/#breadcrumb\",\"itemListElement\":[{\"@type\":\"ListItem\",\"position\":1,\"name\":\"In\u00edcio\",\"item\":\"https:\/\/www.ccbnet.org.br\/\"},{\"@type\":\"ListItem\",\"position\":2,\"name\":\"SOBRE\"}]},{\"@type\":\"WebSite\",\"@id\":\"https:\/\/www.ccbnet.org.br\/#website\",\"url\":\"https:\/\/www.ccbnet.org.br\/\",\"name\":\"\",\"description\":\"\",\"publisher\":{\"@id\":\"https:\/\/www.ccbnet.org.br\/#organization\"},\"potentialAction\":[{\"@type\":\"SearchAction\",\"target\":{\"@type\":\"EntryPoint\",\"urlTemplate\":\"https:\/\/www.ccbnet.org.br\/?s={search_term_string}\"},\"query-input\":{\"@type\":\"PropertyValueSpecification\",\"valueRequired\":true,\"valueName\":\"search_term_string\"}}],\"inLanguage\":\"pt-BR\"},{\"@type\":\"Organization\",\"@id\":\"https:\/\/www.ccbnet.org.br\/#organization\",\"name\":\"Centro Cultural de Bras\u00edlia\",\"url\":\"https:\/\/www.ccbnet.org.br\/\",\"logo\":{\"@type\":\"ImageObject\",\"inLanguage\":\"pt-BR\",\"@id\":\"https:\/\/www.ccbnet.org.br\/#\/schema\/logo\/image\/\",\"url\":\"https:\/\/www.ccbnet.org.br\/wp-content\/uploads\/2022\/07\/cropped-logoCCB.png\",\"contentUrl\":\"https:\/\/www.ccbnet.org.br\/wp-content\/uploads\/2022\/07\/cropped-logoCCB.png\",\"width\":225,\"height\":225,\"caption\":\"Centro Cultural de Bras\u00edlia\"},\"image\":{\"@id\":\"https:\/\/www.ccbnet.org.br\/#\/schema\/logo\/image\/\"},\"sameAs\":[\"https:\/\/pt-br.facebook.com\/ccbjesuitas\/\",\"https:\/\/www.instagram.com\/centroculturaldebrasilia\/\"]}]}<\/script>\n<!-- \/ Yoast SEO plugin. -->","yoast_head_json":{"title":"SOBRE -","robots":{"index":"index","follow":"follow","max-snippet":"max-snippet:-1","max-image-preview":"max-image-preview:large","max-video-preview":"max-video-preview:-1"},"canonical":"https:\/\/www.ccbnet.org.br\/index.php\/sobre\/","og_locale":"pt_BR","og_type":"article","og_title":"SOBRE -","og_description":"O Centro Cultural de Bras\u00edlia (CCB), fundado em 1975, \u00e9 o meio concreto de atua\u00e7\u00e3o dos&nbsp;jesu\u00edtas&nbsp;em Bras\u00edlia. Sua miss\u00e3o \u00e9 promover o di\u00e1logo crist\u00e3o e a partilha da experi\u00eancia do amor de Deus, por meio de atividades religiosas, culturais, de pesquisa e a\u00e7\u00e3o social, tendo em vista a solidariedade e a vida. Seu espa\u00e7o f\u00edsico ... Ler mais","og_url":"https:\/\/www.ccbnet.org.br\/index.php\/sobre\/","article_publisher":"https:\/\/pt-br.facebook.com\/ccbjesuitas\/","article_modified_time":"2022-07-12T13:10:52+00:00","og_image":[{"url":"https:\/\/www.ccbnet.org.br\/wp-content\/uploads\/2022\/07\/IMG-20220401-WA0003-1024x765.jpg","type":"","width":"","height":""}],"twitter_card":"summary_large_image","twitter_misc":{"Est. tempo de leitura":"3 minutos"},"schema":{"@context":"https:\/\/schema.org","@graph":[{"@type":"WebPage","@id":"https:\/\/www.ccbnet.org.br\/index.php\/sobre\/","url":"https:\/\/www.ccbnet.org.br\/index.php\/sobre\/","name":"SOBRE -","isPartOf":{"@id":"https:\/\/www.ccbnet.org.br\/#website"},"primaryImageOfPage":{"@id":"https:\/\/www.ccbnet.org.br\/index.php\/sobre\/#primaryimage"},"image":{"@id":"https:\/\/www.ccbnet.org.br\/index.php\/sobre\/#primaryimage"},"thumbnailUrl":"https:\/\/www.ccbnet.org.br\/wp-content\/uploads\/2022\/07\/IMG-20220401-WA0003-1024x765.jpg","datePublished":"2022-07-07T02:18:18+00:00","dateModified":"2022-07-12T13:10:52+00:00","breadcrumb":{"@id":"https:\/\/www.ccbnet.org.br\/index.php\/sobre\/#breadcrumb"},"inLanguage":"pt-BR","potentialAction":[{"@type":"ReadAction","target":["https:\/\/www.ccbnet.org.br\/index.php\/sobre\/"]}]},{"@type":"ImageObject","inLanguage":"pt-BR","@id":"https:\/\/www.ccbnet.org.br\/index.php\/sobre\/#primaryimage","url":"https:\/\/www.ccbnet.org.br\/wp-content\/uploads\/2022\/07\/IMG-20220401-WA0003.jpg","contentUrl":"https:\/\/www.ccbnet.org.br\/wp-content\/uploads\/2022\/07\/IMG-20220401-WA0003.jpg","width":1600,"height":1196},{"@type":"BreadcrumbList","@id":"https:\/\/www.ccbnet.org.br\/index.php\/sobre\/#breadcrumb","itemListElement":[{"@type":"ListItem","position":1,"name":"In\u00edcio","item":"https:\/\/www.ccbnet.org.br\/"},{"@type":"ListItem","position":2,"name":"SOBRE"}]},{"@type":"WebSite","@id":"https:\/\/www.ccbnet.org.br\/#website","url":"https:\/\/www.ccbnet.org.br\/","name":"","description":"","publisher":{"@id":"https:\/\/www.ccbnet.org.br\/#organization"},"potentialAction":[{"@type":"SearchAction","target":{"@type":"EntryPoint","urlTemplate":"https:\/\/www.ccbnet.org.br\/?s={search_term_string}"},"query-input":{"@type":"PropertyValueSpecification","valueRequired":true,"valueName":"search_term_string"}}],"inLanguage":"pt-BR"},{"@type":"Organization","@id":"https:\/\/www.ccbnet.org.br\/#organization","name":"Centro Cultural de Bras\u00edlia","url":"https:\/\/www.ccbnet.org.br\/","logo":{"@type":"ImageObject","inLanguage":"pt-BR","@id":"https:\/\/www.ccbnet.org.br\/#\/schema\/logo\/image\/","url":"https:\/\/www.ccbnet.org.br\/wp-content\/uploads\/2022\/07\/cropped-logoCCB.png","contentUrl":"https:\/\/www.ccbnet.org.br\/wp-content\/uploads\/2022\/07\/cropped-logoCCB.png","width":225,"height":225,"caption":"Centro Cultural de Bras\u00edlia"},"image":{"@id":"https:\/\/www.ccbnet.org.br\/#\/schema\/logo\/image\/"},"sameAs":["https:\/\/pt-br.facebook.com\/ccbjesuitas\/","https:\/\/www.instagram.com\/centroculturaldebrasilia\/"]}]}},"_links":{"self":[{"href":"https:\/\/www.ccbnet.org.br\/index.php\/wp-json\/wp\/v2\/pages\/78","targetHints":{"allow":["GET"]}}],"collection":[{"href":"https:\/\/www.ccbnet.org.br\/index.php\/wp-json\/wp\/v2\/pages"}],"about":[{"href":"https:\/\/www.ccbnet.org.br\/index.php\/wp-json\/wp\/v2\/types\/page"}],"author":[{"embeddable":true,"href":"https:\/\/www.ccbnet.org.br\/index.php\/wp-json\/wp\/v2\/users\/1"}],"replies":[{"embeddable":true,"href":"https:\/\/www.ccbnet.org.br\/index.php\/wp-json\/wp\/v2\/comments?post=78"}],"version-history":[{"count":9,"href":"https:\/\/www.ccbnet.org.br\/index.php\/wp-json\/wp\/v2\/pages\/78\/revisions"}],"predecessor-version":[{"id":151,"href":"https:\/\/www.ccbnet.org.br\/index.php\/wp-json\/wp\/v2\/pages\/78\/revisions\/151"}],"wp:attachment":[{"href":"https:\/\/www.ccbnet.org.br\/index.php\/wp-json\/wp\/v2\/media?parent=78"}],"curies":[{"name":"wp","href":"https:\/\/api.w.org\/{rel}","templated":true}]}}